{"id":4544,"date":"2021-10-16T20:49:45","date_gmt":"2021-10-16T17:49:45","guid":{"rendered":"https:\/\/infodrom.com.tr\/logo-isbasi\/"},"modified":"2021-10-18T19:38:54","modified_gmt":"2021-10-18T16:38:54","slug":"logo-isbasi","status":"publish","type":"page","link":"https:\/\/infodrom.com.tr\/en\/logo-isbasi\/","title":{"rendered":"Logo \u0130\u015fba\u015f\u0131"},"content":{"rendered":"\t\t<div data-elementor-type=\"wp-page\" data-elementor-id=\"4544\" class=\"elementor elementor-4544 elementor-2\" data-elementor-post-type=\"page\">\n\t\t\t\t\t\t<section class=\"elementor-section elementor-top-section elementor-element elementor-element-5145d865 elementor-section-full_width elementor-section-height-min-height elementor-section-items-stretch elementor-section-content-bottom elementor-section-height-default\" data-id=\"5145d865\" data-element_type=\"section\">\n\t\t\t\t\t\t<div class=\"elementor-container elementor-column-gap-no\">\n\t\t\t\t\t<div class=\"elementor-column elementor-col-50 elementor-top-column elementor-element elementor-element-4500ec1c\" data-id=\"4500ec1c\" data-element_type=\"column\" data-settings=\"{&quot;background_background&quot;:&quot;classic&quot;}\">\n\t\t\t<div class=\"elementor-widget-wrap elementor-element-populated\">\n\t\t\t\t\t\t<div class=\"elementor-element elementor-element-7173c4bf elementor-widget elementor-widget-heading\" data-id=\"7173c4bf\" data-element_type=\"widget\" data-widget_type=\"heading.default\">\n\t\t\t\t<div class=\"elementor-widget-container\">\n\t\t\t\t\t<h1 class=\"elementor-heading-title elementor-size-default\">Logo \u0130\u015fba\u015f\u0131<\/h1>\t\t\t\t<\/div>\n\t\t\t\t<\/div>\n\t\t\t\t<div class=\"elementor-element elementor-element-4e91aef9 elementor-widget elementor-widget-heading\" data-id=\"4e91aef9\" data-element_type=\"widget\" data-widget_type=\"heading.default\">\n\t\t\t\t<div class=\"elementor-widget-container\">\n\t\t\t\t\t<h6 class=\"elementor-heading-title elementor-size-default\">Whether it is e-invoice or bookkeeping, Logo Work-Start \u0130\u015fba\u015f\u0131 offers the best solutions for micro-businesses, tradesmen and entrepreneurs.\n \n<\/h6>\t\t\t\t<\/div>\n\t\t\t\t<\/div>\n\t\t\t\t\t<\/div>\n\t\t<\/div>\n\t\t\t\t<div class=\"elementor-column elementor-col-50 elementor-top-column elementor-element elementor-element-15386ac5\" data-id=\"15386ac5\" data-element_type=\"column\">\n\t\t\t<div class=\"elementor-widget-wrap elementor-element-populated\">\n\t\t\t\t\t\t<div class=\"elementor-element elementor-element-59fb07d9 elementor-widget elementor-widget-image\" data-id=\"59fb07d9\" data-element_type=\"widget\" data-widget_type=\"image.default\">\n\t\t\t\t<div class=\"elementor-widget-container\">\n\t\t\t\t\t\t\t\t\t\t\t\t\t\t\t<img fetchpriority=\"high\" decoding=\"async\" width=\"1200\" height=\"800\" src=\"https:\/\/infodrom.com.tr\/wp-content\/uploads\/2021\/05\/logo-is-basi.jpg\" class=\"attachment-full size-full wp-image-4111\" alt=\"Logo \u0130\u015f Ba\u015f\u0131\" srcset=\"https:\/\/infodrom.com.tr\/wp-content\/uploads\/2021\/05\/logo-is-basi.jpg 1200w, https:\/\/infodrom.com.tr\/wp-content\/uploads\/2021\/05\/logo-is-basi-300x200.jpg 300w, https:\/\/infodrom.com.tr\/wp-content\/uploads\/2021\/05\/logo-is-basi-1024x683.jpg 1024w, https:\/\/infodrom.com.tr\/wp-content\/uploads\/2021\/05\/logo-is-basi-768x512.jpg 768w\" sizes=\"(max-width: 1200px) 100vw, 1200px\" \/>\t\t\t\t\t\t\t\t\t\t\t\t\t\t\t<\/div>\n\t\t\t\t<\/div>\n\t\t\t\t<div class=\"elementor-element elementor-element-ea29f35 elementor-widget elementor-widget-elementskit-lottie\" data-id=\"ea29f35\" data-element_type=\"widget\" data-widget_type=\"elementskit-lottie.default\">\n\t\t\t\t<div class=\"elementor-widget-container\">\n\t\t\t\t\t<div class=\"ekit-wid-con\" ><div id=\"ekit_lottie_ea29f35\" class=\"ekit_lottie\" data-autoplay=\"true\" data-on-scroll=\"\" data-speed=\"1\" data-direction=\"\" data-action=\"\" data-renderer=\"svg\" data-path=\"\" data-loop=\"true\">&nbsp;<\/div><\/div>\t\t\t\t<\/div>\n\t\t\t\t<\/div>\n\t\t\t\t\t<\/div>\n\t\t<\/div>\n\t\t\t\t\t<\/div>\n\t\t<\/section>\n\t\t\t\t<section class=\"elementor-section elementor-top-section elementor-element elementor-element-5e6df5be elementor-section-full_width elementor-section-height-default elementor-section-height-default\" data-id=\"5e6df5be\" data-element_type=\"section\">\n\t\t\t\t\t\t<div class=\"elementor-container elementor-column-gap-no\">\n\t\t\t\t\t<div class=\"elementor-column elementor-col-100 elementor-top-column elementor-element elementor-element-423546fc\" data-id=\"423546fc\" data-element_type=\"column\">\n\t\t\t<div class=\"elementor-widget-wrap elementor-element-populated\">\n\t\t\t\t\t\t<div class=\"elementor-element elementor-element-7fa4822b elementor-widget elementor-widget-text-editor\" data-id=\"7fa4822b\" data-element_type=\"widget\" data-widget_type=\"text-editor.default\">\n\t\t\t\t<div class=\"elementor-widget-container\">\n\t\t\t\t\t\t\t\t\t<p>Thanks to the Invoice Tracking, Order Tracking, Income-Expenditure Tracking, Inventory Tracking, Check Entry, Current Account Tracking, Cash Register-Bank Tracking, e-invoice and e-archive features offered by Logo \u0130\u015fba\u015f\u0131, you can easily do all your bookkeeping transactions on your computer, tablet or smart phone <strong>wherever you have Internet access.<\/strong><\/p>\n<p>Thanks to the product information and inventory quantities that you have saved in your system, <strong>Logo \u0130\u015fba\u015f\u0131<\/strong> automatically updates the inventory status after each purchase and sale. The system instantly provides a summary of various reports such as sales performance, purchases, expenses or VAT accrual amount in the desired date range Thus, you can actively track your financial status and plan your cash flow by analyzing your debt\/receivables more effectively with the charts that Logo \u0130\u015fba\u015f\u0131 presents.<\/p>\n\t\t\t\t\t\t\t\t<\/div>\n\t\t\t\t<\/div>\n\t\t\t\t\t<\/div>\n\t\t<\/div>\n\t\t\t\t\t<\/div>\n\t\t<\/section>\n\t\t\t\t<section class=\"elementor-section elementor-top-section elementor-element elementor-element-524539a elementor-section-full_width elementor-section-height-default elementor-section-height-default\" data-id=\"524539a\" data-element_type=\"section\" data-settings=\"{&quot;background_background&quot;:&quot;classic&quot;}\">\n\t\t\t\t\t\t<div class=\"elementor-container elementor-column-gap-no\">\n\t\t\t\t\t<div class=\"elementor-column elementor-col-100 elementor-top-column elementor-element elementor-element-9996f68\" data-id=\"9996f68\" data-element_type=\"column\">\n\t\t\t<div class=\"elementor-widget-wrap elementor-element-populated\">\n\t\t\t\t\t\t<div class=\"elementor-element elementor-element-ab1efa0 elementor-headline--style-highlight elementor-widget elementor-widget-animated-headline\" data-id=\"ab1efa0\" data-element_type=\"widget\" data-settings=\"{&quot;marker&quot;:&quot;underline&quot;,&quot;highlighted_text&quot;:&quot;Features&quot;,&quot;headline_style&quot;:&quot;highlight&quot;,&quot;loop&quot;:&quot;yes&quot;,&quot;highlight_animation_duration&quot;:1200,&quot;highlight_iteration_delay&quot;:8000}\" data-widget_type=\"animated-headline.default\">\n\t\t\t\t<div class=\"elementor-widget-container\">\n\t\t\t\t\t\t\t<h3 class=\"elementor-headline\">\n\t\t\t\t<span class=\"elementor-headline-dynamic-wrapper elementor-headline-text-wrapper\">\n\t\t\t\t\t<span class=\"elementor-headline-dynamic-text elementor-headline-text-active\">Features<\/span>\n\t\t\t\t<\/span>\n\t\t\t\t<\/h3>\n\t\t\t\t\t\t<\/div>\n\t\t\t\t<\/div>\n\t\t\t\t<section class=\"elementor-section elementor-inner-section elementor-element elementor-element-5a080fd elementor-section-boxed elementor-section-height-default elementor-section-height-default\" data-id=\"5a080fd\" data-element_type=\"section\">\n\t\t\t\t\t\t<div class=\"elementor-container elementor-column-gap-default\">\n\t\t\t\t\t<div class=\"elementor-column elementor-col-33 elementor-inner-column elementor-element elementor-element-863251d\" data-id=\"863251d\" data-element_type=\"column\">\n\t\t\t<div class=\"elementor-widget-wrap elementor-element-populated\">\n\t\t\t\t\t\t<div class=\"elementor-element elementor-element-fcd499a elementor-position-left elementor-vertical-align-top elementor-widget elementor-widget-image-box\" data-id=\"fcd499a\" data-element_type=\"widget\" data-widget_type=\"image-box.default\">\n\t\t\t\t<div class=\"elementor-widget-container\">\n\t\t\t\t\t<div class=\"elementor-image-box-wrapper\"><figure class=\"elementor-image-box-img\"><img decoding=\"async\" src=\"https:\/\/infodrom.com.tr\/wp-content\/uploads\/2021\/07\/infodrom-cloud-mavi.svg\" class=\"attachment-full size-full wp-image-4284\" alt=\"\" \/><\/figure><div class=\"elementor-image-box-content\"><h3 class=\"elementor-image-box-title\">Cloud-Based Operation<\/h3><\/div><\/div>\t\t\t\t<\/div>\n\t\t\t\t<\/div>\n\t\t\t\t<div class=\"elementor-element elementor-element-9a43c68 elementor-position-left elementor-vertical-align-top elementor-widget elementor-widget-image-box\" data-id=\"9a43c68\" data-element_type=\"widget\" data-widget_type=\"image-box.default\">\n\t\t\t\t<div class=\"elementor-widget-container\">\n\t\t\t\t\t<div class=\"elementor-image-box-wrapper\"><figure class=\"elementor-image-box-img\"><img decoding=\"async\" src=\"https:\/\/infodrom.com.tr\/wp-content\/uploads\/2021\/07\/infodrom-fatura-mavi.svg\" class=\"attachment-full size-full wp-image-4285\" alt=\"\" \/><\/figure><div class=\"elementor-image-box-content\"><h3 class=\"elementor-image-box-title\">Easy Billing<\/h3><\/div><\/div>\t\t\t\t<\/div>\n\t\t\t\t<\/div>\n\t\t\t\t\t<\/div>\n\t\t<\/div>\n\t\t\t\t<div class=\"elementor-column elementor-col-33 elementor-inner-column elementor-element elementor-element-1ba89c7\" data-id=\"1ba89c7\" data-element_type=\"column\">\n\t\t\t<div class=\"elementor-widget-wrap elementor-element-populated\">\n\t\t\t\t\t\t<div class=\"elementor-element elementor-element-ab6c59e elementor-position-left elementor-vertical-align-top elementor-widget elementor-widget-image-box\" data-id=\"ab6c59e\" data-element_type=\"widget\" data-widget_type=\"image-box.default\">\n\t\t\t\t<div class=\"elementor-widget-container\">\n\t\t\t\t\t<div class=\"elementor-image-box-wrapper\"><figure class=\"elementor-image-box-img\"><img decoding=\"async\" src=\"https:\/\/infodrom.com.tr\/wp-content\/uploads\/2021\/07\/infodrom-edevlet-mavi.svg\" class=\"attachment-full size-full wp-image-4286\" alt=\"\" \/><\/figure><div class=\"elementor-image-box-content\"><h3 class=\"elementor-image-box-title\">e-Invoice and e-Archive Solutions<\/h3><\/div><\/div>\t\t\t\t<\/div>\n\t\t\t\t<\/div>\n\t\t\t\t<div class=\"elementor-element elementor-element-561f626 elementor-position-left elementor-vertical-align-top elementor-widget elementor-widget-image-box\" data-id=\"561f626\" data-element_type=\"widget\" data-widget_type=\"image-box.default\">\n\t\t\t\t<div class=\"elementor-widget-container\">\n\t\t\t\t\t<div class=\"elementor-image-box-wrapper\"><figure class=\"elementor-image-box-img\"><img decoding=\"async\" width=\"512\" height=\"512\" src=\"https:\/\/infodrom.com.tr\/wp-content\/uploads\/2021\/07\/infodrom-rapor-mavi.png\" class=\"attachment-full size-full wp-image-4287\" alt=\"\" srcset=\"https:\/\/infodrom.com.tr\/wp-content\/uploads\/2021\/07\/infodrom-rapor-mavi.png 512w, https:\/\/infodrom.com.tr\/wp-content\/uploads\/2021\/07\/infodrom-rapor-mavi-300x300.png 300w, https:\/\/infodrom.com.tr\/wp-content\/uploads\/2021\/07\/infodrom-rapor-mavi-150x150.png 150w\" sizes=\"(max-width: 512px) 100vw, 512px\" \/><\/figure><div class=\"elementor-image-box-content\"><h3 class=\"elementor-image-box-title\">Ready Summary Reports<\/h3><\/div><\/div>\t\t\t\t<\/div>\n\t\t\t\t<\/div>\n\t\t\t\t\t<\/div>\n\t\t<\/div>\n\t\t\t\t<div class=\"elementor-column elementor-col-33 elementor-inner-column elementor-element elementor-element-11fbcd9\" data-id=\"11fbcd9\" data-element_type=\"column\">\n\t\t\t<div class=\"elementor-widget-wrap elementor-element-populated\">\n\t\t\t\t\t\t<div class=\"elementor-element elementor-element-8574e0a elementor-position-left elementor-vertical-align-top elementor-widget elementor-widget-image-box\" data-id=\"8574e0a\" data-element_type=\"widget\" data-widget_type=\"image-box.default\">\n\t\t\t\t<div class=\"elementor-widget-container\">\n\t\t\t\t\t<div class=\"elementor-image-box-wrapper\"><figure class=\"elementor-image-box-img\"><img decoding=\"async\" src=\"https:\/\/infodrom.com.tr\/wp-content\/uploads\/2021\/07\/infodrom-surecyonetimi2-mavi.svg\" class=\"attachment-full size-full wp-image-4289\" alt=\"\" \/><\/figure><div class=\"elementor-image-box-content\"><h3 class=\"elementor-image-box-title\">Self-Employment Invoice<\/h3><\/div><\/div>\t\t\t\t<\/div>\n\t\t\t\t<\/div>\n\t\t\t\t<div class=\"elementor-element elementor-element-e061ea5 elementor-position-left elementor-vertical-align-top elementor-widget elementor-widget-image-box\" data-id=\"e061ea5\" data-element_type=\"widget\" data-widget_type=\"image-box.default\">\n\t\t\t\t<div class=\"elementor-widget-container\">\n\t\t\t\t\t<div class=\"elementor-image-box-wrapper\"><figure class=\"elementor-image-box-img\"><img decoding=\"async\" src=\"https:\/\/infodrom.com.tr\/wp-content\/uploads\/2021\/07\/infodrom-nakitakisi-mavi.svg\" class=\"attachment-full size-full wp-image-4290\" alt=\"\" \/><\/figure><div class=\"elementor-image-box-content\"><h3 class=\"elementor-image-box-title\">Instant Debt\/Receivables and Inventory Tracking<\/h3><\/div><\/div>\t\t\t\t<\/div>\n\t\t\t\t<\/div>\n\t\t\t\t\t<\/div>\n\t\t<\/div>\n\t\t\t\t\t<\/div>\n\t\t<\/section>\n\t\t\t\t\t<\/div>\n\t\t<\/div>\n\t\t\t\t\t<\/div>\n\t\t<\/section>\n\t\t\t\t<\/div>\n\t\t","protected":false},"excerpt":{"rendered":"<p>Logo \u0130\u015fba\u015f\u0131 Whether it is e-invoice or bookkeeping, Logo Work-Start \u0130\u015fba\u015f\u0131 offers the best solutions for micro-businesses, tradesmen and entrepreneurs. &nbsp; Thanks to the Invoice Tracking, Order Tracking, Income-Expenditure Tracking, Inventory Tracking, Check Entry, Current Account Tracking, Cash Register-Bank Tracking, e-invoice and e-archive features offered by Logo \u0130\u015fba\u015f\u0131, you can easily do all your bookkeeping [&hellip;]<\/p>\n","protected":false},"author":2,"featured_media":4111,"parent":0,"menu_order":0,"comment_status":"closed","ping_status":"open","template":"","meta":{"footnotes":""},"class_list":["post-4544","page","type-page","status-publish","has-post-thumbnail","hentry"],"_links":{"self":[{"href":"https:\/\/infodrom.com.tr\/en\/wp-json\/wp\/v2\/pages\/4544","targetHints":{"allow":["GET"]}}],"collection":[{"href":"https:\/\/infodrom.com.tr\/en\/wp-json\/wp\/v2\/pages"}],"about":[{"href":"https:\/\/infodrom.com.tr\/en\/wp-json\/wp\/v2\/types\/page"}],"author":[{"embeddable":true,"href":"https:\/\/infodrom.com.tr\/en\/wp-json\/wp\/v2\/users\/2"}],"replies":[{"embeddable":true,"href":"https:\/\/infodrom.com.tr\/en\/wp-json\/wp\/v2\/comments?post=4544"}],"version-history":[{"count":0,"href":"https:\/\/infodrom.com.tr\/en\/wp-json\/wp\/v2\/pages\/4544\/revisions"}],"wp:featuredmedia":[{"embeddable":true,"href":"https:\/\/infodrom.com.tr\/en\/wp-json\/wp\/v2\/media\/4111"}],"wp:attachment":[{"href":"https:\/\/infodrom.com.tr\/en\/wp-json\/wp\/v2\/media?parent=4544"}],"curies":[{"name":"wp","href":"https:\/\/api.w.org\/{rel}","templated":true}]}}