{"id":4717,"date":"2021-10-19T17:46:05","date_gmt":"2021-10-19T14:46:05","guid":{"rendered":"https:\/\/infodrom.com.tr\/cookies-policy\/"},"modified":"2021-10-19T17:46:07","modified_gmt":"2021-10-19T14:46:07","slug":"cookies-policy","status":"publish","type":"page","link":"https:\/\/infodrom.com.tr\/en\/cookies-policy\/","title":{"rendered":"Cookies Policy"},"content":{"rendered":"\t\t<div data-elementor-type=\"wp-page\" data-elementor-id=\"4717\" class=\"elementor elementor-4717 elementor-326\" data-elementor-post-type=\"page\">\n\t\t\t\t\t\t<section class=\"elementor-section elementor-top-section elementor-element elementor-element-29762747 elementor-section-boxed elementor-section-height-default elementor-section-height-default\" data-id=\"29762747\" data-element_type=\"section\">\n\t\t\t\t\t\t<div class=\"elementor-container elementor-column-gap-default\">\n\t\t\t\t\t<div class=\"elementor-column elementor-col-100 elementor-top-column elementor-element elementor-element-5cea19b9\" data-id=\"5cea19b9\" data-element_type=\"column\">\n\t\t\t<div class=\"elementor-widget-wrap\">\n\t\t\t\t\t\t\t<\/div>\n\t\t<\/div>\n\t\t\t\t\t<\/div>\n\t\t<\/section>\n\t\t\t\t<section class=\"elementor-section elementor-top-section elementor-element elementor-element-7bfa711 elementor-section-full_width elementor-section-height-default elementor-section-height-default\" data-id=\"7bfa711\" data-element_type=\"section\">\n\t\t\t\t\t\t<div class=\"elementor-container elementor-column-gap-default\">\n\t\t\t\t\t<div class=\"elementor-column elementor-col-100 elementor-top-column elementor-element elementor-element-497ee04\" data-id=\"497ee04\" data-element_type=\"column\">\n\t\t\t<div class=\"elementor-widget-wrap elementor-element-populated\">\n\t\t\t\t\t\t<div class=\"elementor-element elementor-element-5fcc60d elementor--h-position-center elementor--v-position-middle elementor-arrows-position-inside elementor-pagination-position-inside elementor-widget elementor-widget-slides\" data-id=\"5fcc60d\" data-element_type=\"widget\" data-settings=\"{&quot;navigation&quot;:&quot;both&quot;,&quot;autoplay&quot;:&quot;yes&quot;,&quot;pause_on_hover&quot;:&quot;yes&quot;,&quot;pause_on_interaction&quot;:&quot;yes&quot;,&quot;autoplay_speed&quot;:5000,&quot;infinite&quot;:&quot;yes&quot;,&quot;transition&quot;:&quot;slide&quot;,&quot;transition_speed&quot;:500}\" data-widget_type=\"slides.default\">\n\t\t\t\t<div class=\"elementor-widget-container\">\n\t\t\t\t\t\t\t\t\t<div class=\"elementor-swiper\">\n\t\t\t\t\t<div class=\"elementor-slides-wrapper elementor-main-swiper swiper\" role=\"region\" aria-roledescription=\"carousel\" aria-label=\"Slides\" dir=\"ltr\" data-animation=\"fadeInUp\">\n\t\t\t\t<div class=\"swiper-wrapper elementor-slides\">\n\t\t\t\t\t\t\t\t\t\t<div class=\"elementor-repeater-item-1a56501 swiper-slide\" role=\"group\" aria-roledescription=\"slide\"><div class=\"swiper-slide-bg\" role=\"img\" aria-label=\"Infodrom Cookies Policy\"><\/div><div class=\"elementor-background-overlay\"><\/div><div class=\"swiper-slide-inner\" ><div class=\"swiper-slide-contents\"><div class=\"elementor-slide-heading\">Personal Data Protection Law \u2013 PDPL <\/br> Cookies Policy<\/div><\/div><\/div><\/div>\t\t\t\t<\/div>\n\t\t\t\t\t\t\t<\/div>\n\t\t\t\t<\/div>\n\t\t\t\t\t\t\t\t<\/div>\n\t\t\t\t<\/div>\n\t\t\t\t\t<\/div>\n\t\t<\/div>\n\t\t\t\t\t<\/div>\n\t\t<\/section>\n\t\t\t\t<section class=\"elementor-section elementor-top-section elementor-element elementor-element-57b05a1 elementor-section-boxed elementor-section-height-default elementor-section-height-default\" data-id=\"57b05a1\" data-element_type=\"section\">\n\t\t\t\t\t\t<div class=\"elementor-container elementor-column-gap-default\">\n\t\t\t\t\t<div class=\"elementor-column elementor-col-100 elementor-top-column elementor-element elementor-element-b5cfe4b\" data-id=\"b5cfe4b\" data-element_type=\"column\">\n\t\t\t<div class=\"elementor-widget-wrap elementor-element-populated\">\n\t\t\t\t\t\t<div class=\"elementor-element elementor-element-64a9d90 elementor-widget elementor-widget-text-editor\" data-id=\"64a9d90\" data-element_type=\"widget\" data-widget_type=\"text-editor.default\">\n\t\t\t\t<div class=\"elementor-widget-container\">\n\t\t\t\t\t\t\t\t\t<p><strong>INFODROM YAZILIM DANISMANLIK HIZ.TIC.LTD.STI. <\/strong>During access to the companies\u2019 website (hereinafter referred to as the \u201c<strong>Company<\/strong>\u201d) (www.infodrom.com.tr), electronic platforms, applications, e-mails or advertisements sent by the Company, small data files can be placed on users\u2019 computers, mobile phones, tablets or other devices that allow certain data to be saved and collected.  These data files placed on computers and other devices may be cookies, pixel tags, flash cookies and web beacons, as well as other similar technologies for data storage purposes.<\/p>\n<p>In this Policy, the term \u201ccookie\u201d is used to refer to cookies and similar technologies that can be used by the Company. Although it is possible to collect personal data through cookies, all data collected through cookies may not be personal data. Therefore, it should be noted that the data obtained through cookies will only be considered within the framework of this Policy and the Personal Data Protection Law (PDPL) when they constitute personal data as per Turkish Law.  <\/p>\n<h4>Types of Cookies<\/h4>\n<p>Cookies can be categorized according to the duration or by the domain name to which they belong. If cookies are categorized in terms of duration, they are divided into <strong>session cookies<\/strong> and <strong>persistent cookies<\/strong>. Session cookies refer to cookies that are deleted after the user closes the browser. Persistent cookies remain on the user\u2019s computer\/device for a predetermined period of time. <\/p>\n<p>Cookies are divided into two if they are categorized according to the domain name to which they belong:<\/p>\n<ol>\n<li>Related party cookies are placed by the domain that users visit.<\/li>\n<li>2. Third-party cookies are cookies that are placed by a different domain that users visit. There are third-party cookies if people outside the visited domain place cookies on the user\u2019s device through that domain. <\/li>\n<\/ol>\n<h4>Purposes of Using Cookies<\/h4>\n<p>The Company can use cookies on its websites, platforms, applications, advertising and messages for the following purposes:<\/p>\n<ol>\n<li><strong>1. Operational Purposes:<\/strong> We may use cookies that we deem necessary for the management and security of the Company\u2019s website, platforms, applications and services. Examples of cookies used for operational purposes include technologies that allow the use functions on the website, applications and platforms, as well as cookies used to detect irregular behaviors in these media. <\/li>\n<li><strong>2. Functional Purposes:<\/strong>The Company can use cookies to facilitate the use of its website, platforms, applications and services and to customize them for users. Examples of functional purposes for using cookies include technologies that allow us to remember user information and preferences. rezlere, kullan\u0131c\u0131 bilgilerini ve tercihlerini hat\u0131rlamam\u0131z\u0131 sa\u011flayan teknolojiler \u00f6rnek g\u00f6sterilebilir. <\/li>\n<li><strong>3. Performance-Oriented Purposes:<\/strong> The Company can use cookies to improve and measure the performance of its website, applications, platforms and services. Examples of cookies used for this purpose include cookies that allow us to understand how users use the Company\u2019s website, applications, platforms and services, and analyze user behaviors, as well as technologies that allow us to understand whether messages we send result in interactions. <\/li>\n<li><strong>4. Advertising Purposes:<\/strong>We can use related party cookies and third party cookies to post advertising and similar content related to the interests of users on the website, platforms and applications owned by the Company or third parties. Examples of advertising uses include cookies that measure the effectiveness of ads or cookies that show whether a particular ad has been clicked on or how many times the ad has been viewed. <\/li>\n<\/ol>\n<h4>Rejecting and Deleting Cookies<\/h4>\n<p>Although most browsers allow the use of cookies, users can reject or delete cookies at any time by changing their browser settings. The method of changing the settings varies depending on the browser used, and it is necessary to learn how to disable cookies on the browser from the service provider. If cookies are disabled, some features of the Company\u2019s website, applications, platforms and services may not be used.ktir.  <\/p>\n<h4>Authorized Service Providers<\/h4>\n<p>We may receive assistance from some service providers that we have authorized for the operation and promotion of the Company\u2019s website, platforms, applications and services. These service providers can place cookies and similar technologies (third-party cookies) on users\u2019 computers\/devices and collect information such as IP address, unique identifier and device identifier to identify the user\u2019s device. <\/p>\n<h4>Websites, Products and Services Owned by Third Parties<\/h4>\n<p>The Company\u2019s websites, platforms or applications may contain links to a third-party website, products and services. Such links are subject to the privacy policies of third parties, and it should be noted that third parties and third-party websites are independent of the Company and that the Company cannot be held liable for the privacy practices of third parties. If you visit the linked websites, we recommend that you read the privacy policy of these websites.  <\/p>\n\t\t\t\t\t\t\t\t<\/div>\n\t\t\t\t<\/div>\n\t\t\t\t\t<\/div>\n\t\t<\/div>\n\t\t\t\t\t<\/div>\n\t\t<\/section>\n\t\t\t\t<\/div>\n\t\t","protected":false},"excerpt":{"rendered":"<p>Personal Data Protection Law \u2013 PDPL Cookies Policy INFODROM YAZILIM DANISMANLIK HIZ.TIC.LTD.STI. During access to the companies\u2019 website (hereinafter referred to as the \u201cCompany\u201d) (www.infodrom.com.tr), electronic platforms, applications, e-mails or advertisements sent by the Company, small data files can be placed on users\u2019 computers, mobile phones, tablets or other devices that allow certain data to [&hellip;]<\/p>\n","protected":false},"author":2,"featured_media":4069,"parent":0,"menu_order":0,"comment_status":"closed","ping_status":"closed","template":"","meta":{"footnotes":""},"class_list":["post-4717","page","type-page","status-publish","has-post-thumbnail","hentry"],"_links":{"self":[{"href":"https:\/\/infodrom.com.tr\/en\/wp-json\/wp\/v2\/pages\/4717","targetHints":{"allow":["GET"]}}],"collection":[{"href":"https:\/\/infodrom.com.tr\/en\/wp-json\/wp\/v2\/pages"}],"about":[{"href":"https:\/\/infodrom.com.tr\/en\/wp-json\/wp\/v2\/types\/page"}],"author":[{"embeddable":true,"href":"https:\/\/infodrom.com.tr\/en\/wp-json\/wp\/v2\/users\/2"}],"replies":[{"embeddable":true,"href":"https:\/\/infodrom.com.tr\/en\/wp-json\/wp\/v2\/comments?post=4717"}],"version-history":[{"count":0,"href":"https:\/\/infodrom.com.tr\/en\/wp-json\/wp\/v2\/pages\/4717\/revisions"}],"wp:featuredmedia":[{"embeddable":true,"href":"https:\/\/infodrom.com.tr\/en\/wp-json\/wp\/v2\/media\/4069"}],"wp:attachment":[{"href":"https:\/\/infodrom.com.tr\/en\/wp-json\/wp\/v2\/media?parent=4717"}],"curies":[{"name":"wp","href":"https:\/\/api.w.org\/{rel}","templated":true}]}}